{"id":180,"date":"2024-08-10T15:06:14","date_gmt":"2024-08-10T15:06:14","guid":{"rendered":"https:\/\/stiftung.saxonia.ro\/?page_id=180"},"modified":"2025-04-30T11:11:03","modified_gmt":"2025-04-30T11:11:03","slug":"pasi-pentru-a-aplica-pentru-un-proiect","status":"publish","type":"page","link":"https:\/\/stiftung.saxonia.ro\/ro\/pasi-pentru-a-aplica-pentru-un-proiect\/","title":{"rendered":""},"content":{"rendered":"\n<h4 class=\"wp-block-heading\">Cine poate beneficia de aceste programe?<\/h4>\n\n\n\n<p>Pot beneficia de aceste programe firme de tip S.R.L., asocia\u0163ii agricole, asocia\u0163ii familiale (persoan\u0103 juridic\u0103), persoane fizice autorizate de pe teritoriul jude\u0163elor: Alba, Bistri\u0163a N\u0103s\u0103ud, Bra\u015fov, Cluj, Covasna, Harghita, Hunedoara, Mure\u015f, Sibiu, care au o leg\u0103tur\u0103 str\u00e2ns\u0103 cu minoritatea german\u0103 local\u0103. (Aceste firme vor avea at\u00e2t sediul c\u00e2t \u015fi activitatea \u00een jude\u0163ele respective).<\/p>\n\n\n\n<p><\/p>\n\n\n\n<h4 class=\"wp-block-heading\">C\u00e2te programe de asisten\u0163\u0103 economic\u0103 se deruleaz\u0103?<\/h4>\n\n\n\n<p>Funda\u0163ia Saxonia-Transilvania deruleaz\u0103 proiecte de asisten\u0163\u0103 economic\u0103 \u00een domeniile:<\/p>\n\n\n\n<p>&nbsp; &nbsp; &nbsp; a). &nbsp; agriculturii (f\u0103r\u0103 achizi\u0163ii de animale);<\/p>\n\n\n\n<p>&nbsp; &nbsp; &nbsp; b). &nbsp; Proiecte pentru \u00eentreprinz\u0103tori mici \u0219i mijlocii \u00een domeniul produc\u0163iei sau prest\u0103rilor de servicii (except\u00eend comer\u0163ul \u015fi investi\u0163iile) cu achizi\u0163ionarea utilajelor din Germania;<\/p>\n\n\n\n<p>&nbsp; &nbsp; &nbsp; c). &nbsp; &nbsp;Proiecte pentru \u00eentreprinz\u0103tori mici \u0219i mijlocii \u00een domeniul produc\u0163iei sau prest\u0103rilor de servicii cu procurarea utilajelor \u00een Rom\u00e2nia (program preponderent). Nu se dau credite pentru investi\u0163ii \u00een construc\u021bii.<\/p>\n\n\n\n<p>Finan\u0163area\/creditarea proiectelor de la punctele a, b, \u015fi c se face din fonduri:<\/p>\n\n\n\n<p>&nbsp; &nbsp; &nbsp; 1. \u201cdirecte\u201d puse la dispozi\u0163ie de guvernul german (valoare: 5.000 &#8211; &#8211; 35.000 EURO) accesibile p\u00e2n\u0103 pe 15 decembrie pt. anul urm\u0103tor;<\/p>\n\n\n\n<p>&nbsp; &nbsp; &nbsp; 2. \u201cproprii\u201d ale funda\u0163iei provenind din ramburs\u0103rile proiectelor anterioare (valoare de: 5.000 &#8211; 35.000 EURO) tot timpul anului.<\/p>\n\n\n\n<p>\u00cen rest condi\u0163iile de accesare, derulare \u015fi rambursare sunt acelea\u015fi pentru cele dou\u0103 forme de creditare.&nbsp;<\/p>\n\n\n\n<p><\/p>\n\n\n\n<h4 class=\"wp-block-heading\">\u00cen ce constau aceste programe de asisten\u0163\u0103 economic\u0103?<\/h4>\n\n\n\n<p>Dup\u0103 aprobarea cererii de c\u0103tre comisia abilitat\u0103, \u0219i achitarea taxei de 5% din suma creditat\u0103, funda\u0163ia Saxonia-Transilvania va transfera \u00een contul solicitantului \u00een baza contractului de asisten\u0163\u0103 economic\u0103 \u015fi a contractului de garan\u0163ie imobiliar\u0103 \u00eencheiate cu beneficiarul, sumele aprobate. Bunurile finan\u0163ate respectiv creditele sunt garantate prin ipoteci imobiliare proprietate ale unei persoane fizice.<\/p>\n\n\n\n<p><strong>Cum se deruleaz\u0103 programul guvernului german (BMI) \u00een domeniile agricultur\u0103, me\u015fte\u015fuguri \u015fi servicii, asisten\u0163\u0103 medical\u0103?<\/strong>&nbsp;<\/p>\n\n\n\n<p><strong>NU se percepe dob\u00e2nd\u0103, ci numai o taxa de prelucrare proiect de 5% din valoarea sumei solicitate.<\/strong><\/p>\n\n\n\n<p>Solicitantul poate ob\u0163ine setul de formulare de la funda\u0163ie sau le poate descarca de\u00a0<a href=\"https:\/\/stiftung.saxonia.ro\/ro\/documente\/\">aici.<\/a>\u00a0<\/p>\n\n\n\n<p>\u00cen cererea tip solicitantul va enumera \u00een mod clar echipamentele dorite.<\/p>\n\n\n\n<p>De asemenea solicitantul va fi de acord cu o garan\u0163ie imobiliar\u0103 (ipotec\u0103), cel putin egal\u0103 cu valoarea total\u0103 a utilajelor ce fac obiectul proiectului, \u00een favoarea funda\u0163iei Saxonia-Transilvania.<\/p>\n\n\n\n<p>Dup\u0103 completarea formularului \u015fi \u00eentocmirea documenta\u0163iei prev\u0103zute, solicitantul va ob\u0163ine avizul de la Forumul Democrat al Germanilor Jude\u0163ean competent.<\/p>\n\n\n\n<p>Solicitantul va depune cererea avizat\u0103 la secretariatul funda\u0163iei.<\/p>\n\n\n\n<p>Ulterior din partea funda\u0163iei Saxonia-Transilvania se va face o evaluare a situa\u0163iei din teren materializat\u0103 \u00eentr-un raport.<\/p>\n\n\n\n<p>Trimestrial cererile vor fi analizate de o comisie. Decizia pozitiv\u0103\/negativ\u0103 asupra proiectului \u015fi suma aprobat\u0103 vor fi comunicate solicitantului \u00een maximum 6 luni.<\/p>\n\n\n\n<p>\u00cen cazul aprob\u0103rii proiectului solicitantul va da o declara\u0163ie referitoare la furnizorul preferat (din cel pu\u0163in trei oferte diferite, ata\u015fate dosarului de cerere) \u015fi va achita 5 % din valoarea total\u0103 a acestui echipament \u00een contul funda\u0163iei Saxonia-Transilvania ca tax\u0103 de prelucrare proiect.<\/p>\n\n\n\n<p>Echipamentul ales va fi cump\u0103rat cu prec\u0103dere de pe pia\u0163a intern\u0103.<\/p>\n\n\n\n<p>Valoarea contractului de asisten\u0163\u0103 economic\u0103 va fi exprimat \u00een EURO. Beneficiarul programului de asisten\u0163\u0103 economic\u0103 va achita \u00een lei la cursul BNR din ziua pl\u0103\u0163ii contravaloarea contractului \u00een termen de maxim 5 ani sub form\u0103 de rate trimestriale sau lunare in func\u021bie de op\u021biunea exprimat\u0103 \u00een contract.<\/p>\n\n\n\n<p>Dup\u0103 achitarea ultimei rate, beneficiarul devine de drept proprietarul bunurilor \u015fi se radiaz\u0103 garan\u0163ia imobiliar\u0103 (ipoteca).<\/p>\n","protected":false},"excerpt":{"rendered":"<p>Cine poate beneficia de aceste programe? Pot beneficia de aceste programe firme de tip S.R.L., asocia\u0163ii agricole, asocia\u0163ii familiale (persoan\u0103 juridic\u0103), persoane fizice autorizate de pe teritoriul jude\u0163elor: Alba, Bistri\u0163a N\u0103s\u0103ud, Bra\u015fov, Cluj, Covasna, Harghita, Hunedoara, Mure\u015f, Sibiu, care au o leg\u0103tur\u0103 str\u00e2ns\u0103 cu minoritatea german\u0103 local\u0103. (Aceste firme vor avea at\u00e2t sediul c\u00e2t \u015fi [&hellip;]<\/p>\n","protected":false},"author":1,"featured_media":0,"parent":0,"menu_order":0,"comment_status":"closed","ping_status":"closed","template":"","meta":{"footnotes":""},"class_list":["post-180","page","type-page","status-publish","czr-hentry"],"_links":{"self":[{"href":"https:\/\/stiftung.saxonia.ro\/ro\/wp-json\/wp\/v2\/pages\/180"}],"collection":[{"href":"https:\/\/stiftung.saxonia.ro\/ro\/wp-json\/wp\/v2\/pages"}],"about":[{"href":"https:\/\/stiftung.saxonia.ro\/ro\/wp-json\/wp\/v2\/types\/page"}],"author":[{"embeddable":true,"href":"https:\/\/stiftung.saxonia.ro\/ro\/wp-json\/wp\/v2\/users\/1"}],"replies":[{"embeddable":true,"href":"https:\/\/stiftung.saxonia.ro\/ro\/wp-json\/wp\/v2\/comments?post=180"}],"version-history":[{"count":3,"href":"https:\/\/stiftung.saxonia.ro\/ro\/wp-json\/wp\/v2\/pages\/180\/revisions"}],"predecessor-version":[{"id":214,"href":"https:\/\/stiftung.saxonia.ro\/ro\/wp-json\/wp\/v2\/pages\/180\/revisions\/214"}],"wp:attachment":[{"href":"https:\/\/stiftung.saxonia.ro\/ro\/wp-json\/wp\/v2\/media?parent=180"}],"curies":[{"name":"wp","href":"https:\/\/api.w.org\/{rel}","templated":true}]}}