{"id":160,"date":"2024-08-09T09:36:57","date_gmt":"2024-08-09T09:36:57","guid":{"rendered":"https:\/\/stiftung.saxonia.ro\/?page_id=160"},"modified":"2025-04-30T07:44:35","modified_gmt":"2025-04-30T07:44:35","slug":"saxonia-transilvania","status":"publish","type":"page","link":"https:\/\/stiftung.saxonia.ro\/ro\/saxonia-transilvania\/","title":{"rendered":""},"content":{"rendered":"\n<h4 class=\"wp-block-heading\">Saxonia-Transilvania<\/h4>\n\n\n\n<p>Funda\u021bia non-profit Saxonia-Transilvania ofer\u0103 asisten\u021b\u0103 financiar\u0103 pentru mici \u00eentreprinderi individuale, \u00eentreprinderi familiale \u0219i liberi profesioni\u0219ti autoriza\u021bi din toate domeniile economice, in urm\u0103toarele jude\u021be administrative ale Rom\u00e2niei:&nbsp;<strong>Alba, Mure\u0219, Harghita, Covasna, Cluj, Sibiu, Bra\u0219ov, Hunedoara<\/strong>&nbsp;\u0219i&nbsp;<strong>Bistri\u021ba-N\u0103s\u0103ud<\/strong>.<\/p>\n\n\n\n<p>Resursele financiare provin din bugetul de stat al Germaniei \u0219i sunt destinate spre a sprijini minoritatea germana din Rom\u00e2nia. Apartenen\u021ba la minoritatea germana nu este obligatorie pentru a primi ajutor financiar, put\u00e2nd aplica la programul de sprjinire economic\u0103 orice \u00eentreprinz\u0103tor din jude\u021bele administrative enumerate anterior, cu condi\u021bia s\u0103 \u00eendeplineasc\u0103 criteriile de asisten\u021b\u0103. Aloca\u021biile anuale (\u201dresursele directe\u201d) permit promovarea unor proiecte cu o valoare maxim\u0103 de 35000 euro.<\/p>\n\n\n\n<p>Sumele alocate pot fi accesate exclusiv pentru achizi\u021bionarea mijloacelor \u0219i echipamentelor de produc\u021bie. Valoarea maxim\u0103 a proiectelor promovate se ridic\u0103 la 20000 euro \u00een cazul proiectelor sprijinite prin reflux financiar. Sumele garantate se vor rambursa \u00een rate, f\u0103r\u0103 dob\u00e2nzi, \u00eentr-un interval de maxim 5 ani.<\/p>\n\n\n\n<p><a href=\"https:\/\/stiftung.saxonia.ro\/ro\/finantari\/\">Pasul urm\u0103tor: solicitarea de proiect<\/a><\/p>\n\n\n\n<h4 class=\"wp-block-heading\">Despre noi<\/h4>\n\n\n\n<p>Funda\u021bia non-profit Saxonia-Transilvania a fost fondat\u0103 \u00een anul 2008, respect\u00e2ndu-se noile criterii legislative (decizia nr. 28\/2007 emis\u0103 de Guvernul Rom\u00e2niei \u0219i Legea nr. 264\/2007).<\/p>\n\n\n\n<p>Fondatorul Saxonia-Transilvania este Uniunea Transilv\u0103nean\u0103 a Forumului Democrat al Germanilor din Rom\u00e2nia.<\/p>\n\n\n\n<p>Sediul funda\u021biei non-profit se afl\u0103 \u00een localitatea R\u00e2\u0219nov, str. Caraiman 34, jude\u021bul Bra\u0219ov. Directorul executiv Saxonia-Transilvania este Klaus-Harald Sifft.<\/p>\n","protected":false},"excerpt":{"rendered":"<p>Saxonia-Transilvania Funda\u021bia non-profit Saxonia-Transilvania ofer\u0103 asisten\u021b\u0103 financiar\u0103 pentru mici \u00eentreprinderi individuale, \u00eentreprinderi familiale \u0219i liberi profesioni\u0219ti autoriza\u021bi din toate domeniile economice, in urm\u0103toarele jude\u021be administrative ale Rom\u00e2niei:&nbsp;Alba, Mure\u0219, Harghita, Covasna, Cluj, Sibiu, Bra\u0219ov, Hunedoara&nbsp;\u0219i&nbsp;Bistri\u021ba-N\u0103s\u0103ud. Resursele financiare provin din bugetul de stat al Germaniei \u0219i sunt destinate spre a sprijini minoritatea germana din Rom\u00e2nia. Apartenen\u021ba la [&hellip;]<\/p>\n","protected":false},"author":1,"featured_media":0,"parent":0,"menu_order":0,"comment_status":"closed","ping_status":"closed","template":"","meta":{"footnotes":""},"class_list":["post-160","page","type-page","status-publish","czr-hentry"],"_links":{"self":[{"href":"https:\/\/stiftung.saxonia.ro\/ro\/wp-json\/wp\/v2\/pages\/160"}],"collection":[{"href":"https:\/\/stiftung.saxonia.ro\/ro\/wp-json\/wp\/v2\/pages"}],"about":[{"href":"https:\/\/stiftung.saxonia.ro\/ro\/wp-json\/wp\/v2\/types\/page"}],"author":[{"embeddable":true,"href":"https:\/\/stiftung.saxonia.ro\/ro\/wp-json\/wp\/v2\/users\/1"}],"replies":[{"embeddable":true,"href":"https:\/\/stiftung.saxonia.ro\/ro\/wp-json\/wp\/v2\/comments?post=160"}],"version-history":[{"count":4,"href":"https:\/\/stiftung.saxonia.ro\/ro\/wp-json\/wp\/v2\/pages\/160\/revisions"}],"predecessor-version":[{"id":213,"href":"https:\/\/stiftung.saxonia.ro\/ro\/wp-json\/wp\/v2\/pages\/160\/revisions\/213"}],"wp:attachment":[{"href":"https:\/\/stiftung.saxonia.ro\/ro\/wp-json\/wp\/v2\/media?parent=160"}],"curies":[{"name":"wp","href":"https:\/\/api.w.org\/{rel}","templated":true}]}}