{"id":141,"date":"2024-08-09T09:32:15","date_gmt":"2024-08-09T09:32:15","guid":{"rendered":"https:\/\/stiftung.saxonia.ro\/?page_id=141"},"modified":"2024-08-11T09:41:24","modified_gmt":"2024-08-11T09:41:24","slug":"fundatia-saxonia","status":"publish","type":"page","link":"https:\/\/stiftung.saxonia.ro\/ro\/fundatia-saxonia\/","title":{"rendered":""},"content":{"rendered":"\n<h4 class=\"wp-block-heading\">Funda\u021bia Saxonia<\/h4>\n\n\n\n<p>Fiind o institu\u021bie transilv\u0103nean\u0103, sarcina Funda\u021biei Saxonia este una social-umanitar\u0103. Ajutorul material dedicat persoanelor nevoia\u0219e din r\u00e2ndurile societ\u0103\u021bii transilvano-s\u0103se\u0219ti \u0219i, dup\u0103 posibilit\u0103\u021bi, persoanelor ter\u021be din imediata apropiere, este realizabil mul\u021bumit\u0103 sus\u021binerii financiare din partea unor sponsori precum Republica Federal\u0103 Germania, Asocia\u021biile Sa\u0219ilor Transilv\u0103neni din Germania, Austria \u0219i \u021b\u0103rile transoceanice, diferite alte corpora\u021bii sau persoane fizice individuale.<\/p>\n\n\n\n<p>Destinatarii ajutorului sunt \u00eengriji\u021bi fie \u00een mod direct, fie prin intermediul unor institu\u021bii sociale, \u00eensemn\u00e2nd c\u0103mine de b\u0103tr\u00e2ni, case de orfani sau spitale. \u00cengrijirea caritativ\u0103 cuprinde bani, alimente, lenjerie de pat, haine \u0219i medicamente.<\/p>\n\n\n\n<h4 class=\"wp-block-heading\">Despre noi<\/h4>\n\n\n\n<p>Funda\u021bia Saxonia a fost \u00eenfiin\u021bat\u0103 \u00een anul 1992, scopul ei ini\u021bial fiind \u00eengrijirea social\u0103 a sa\u0219ilor transilv\u0103neni r\u0103ma\u0219i \u00een continuare \u00een Rom\u00e2nia, respectiv acordarea de sprijin economic \u00een favoarea unor mici \u00eentreprinz\u0103tori din r\u00e2ndurile societ\u0103\u021bii transilvano-germane, dar nu numai.<\/p>\n\n\n\n<p>\u00cen anul 2008 a fost \u00eenfiin\u021bat\u0103 \u0219i anexat\u0103 Funda\u021biei Saxonia noua funda\u021bie-sor\u0103 Saxonia-Transilvania, aceasta din urm\u0103 prelu\u00e2nd de la Funda\u021bia Saxonia programul de asisten\u021b\u0103 economic\u0103 pentru firme particulare mici. Funda\u021bia Saxonia \u00eendepline\u0219te \u00een continuare rolul ajutor\u0103rii sociale, baza ei material\u0103 fiind asigurat\u0103 \u00eenc\u0103 de la \u00eenceput de c\u0103tre Cercul de Ajutor Social al Asocia\u021biei Sa\u0219ilor Transilv\u0103neni din M\u00fcnchen.<\/p>\n\n\n\n<p>Sediul Funda\u021biei Saxonia se afl\u0103 pe Str.Caraiman nr.32-34 \u00een localitatea R\u00e2\u0219nov, jude\u021bul Bra\u0219ov.<\/p>\n\n\n\n<p>Fondatarii sunt Biserica Evanghelic\u0103 C.A. din Romania \u0219i Forumul regional Transilvania (&#8222;Siebenb\u00fcrgenforum&#8221;), organiza\u021bie a Forumului Democrat al Germanilor din Rom\u00e2nia. Klaus-Harald Sifft este directorul executiv al funda\u021biei.<\/p>\n\n\n\n<h4 class=\"wp-block-heading\">Obiective<\/h4>\n\n\n\n<p>Sarcina principal\u0103 a Funda\u021biei Saxonia const\u0103 \u00een acordarea de ajutor social c\u0103tre persoane nevoia\u0219e care apar\u021bin societ\u0103\u021bii transilvano-s\u0103se\u0219ti.<\/p>\n\n\n\n<p><\/p>\n","protected":false},"excerpt":{"rendered":"<p>Funda\u021bia Saxonia Fiind o institu\u021bie transilv\u0103nean\u0103, sarcina Funda\u021biei Saxonia este una social-umanitar\u0103. Ajutorul material dedicat persoanelor nevoia\u0219e din r\u00e2ndurile societ\u0103\u021bii transilvano-s\u0103se\u0219ti \u0219i, dup\u0103 posibilit\u0103\u021bi, persoanelor ter\u021be din imediata apropiere, este realizabil mul\u021bumit\u0103 sus\u021binerii financiare din partea unor sponsori precum Republica Federal\u0103 Germania, Asocia\u021biile Sa\u0219ilor Transilv\u0103neni din Germania, Austria \u0219i \u021b\u0103rile transoceanice, diferite alte corpora\u021bii sau [&hellip;]<\/p>\n","protected":false},"author":1,"featured_media":0,"parent":0,"menu_order":0,"comment_status":"closed","ping_status":"closed","template":"","meta":{"footnotes":""},"class_list":["post-141","page","type-page","status-publish","czr-hentry"],"_links":{"self":[{"href":"https:\/\/stiftung.saxonia.ro\/ro\/wp-json\/wp\/v2\/pages\/141"}],"collection":[{"href":"https:\/\/stiftung.saxonia.ro\/ro\/wp-json\/wp\/v2\/pages"}],"about":[{"href":"https:\/\/stiftung.saxonia.ro\/ro\/wp-json\/wp\/v2\/types\/page"}],"author":[{"embeddable":true,"href":"https:\/\/stiftung.saxonia.ro\/ro\/wp-json\/wp\/v2\/users\/1"}],"replies":[{"embeddable":true,"href":"https:\/\/stiftung.saxonia.ro\/ro\/wp-json\/wp\/v2\/comments?post=141"}],"version-history":[{"count":3,"href":"https:\/\/stiftung.saxonia.ro\/ro\/wp-json\/wp\/v2\/pages\/141\/revisions"}],"predecessor-version":[{"id":147,"href":"https:\/\/stiftung.saxonia.ro\/ro\/wp-json\/wp\/v2\/pages\/141\/revisions\/147"}],"wp:attachment":[{"href":"https:\/\/stiftung.saxonia.ro\/ro\/wp-json\/wp\/v2\/media?parent=141"}],"curies":[{"name":"wp","href":"https:\/\/api.w.org\/{rel}","templated":true}]}}