{"id":137,"date":"2024-08-08T15:36:42","date_gmt":"2024-08-08T15:36:42","guid":{"rendered":"https:\/\/stiftung.saxonia.ro\/?page_id=137"},"modified":"2024-08-12T10:33:51","modified_gmt":"2024-08-12T10:33:51","slug":"home","status":"publish","type":"page","link":"https:\/\/stiftung.saxonia.ro\/ro\/","title":{"rendered":"Home"},"content":{"rendered":"\n<h4 class=\"wp-block-heading\">Saxonia &#8211; Sprijin economic \u0219i ajutor social<\/h4>\n\n\n\n<p>Sub denumirea Saxonia exist\u0103 dou\u0103 funda\u021bii, care sunt legate prin management comun. Funda\u021bia Saxonia se concentreaz\u0103 pe acordarea de asisten\u021b\u0103 social\u0103 persoanelor nevoia\u0219e, \u00een timp ce Saxonia-Transilvania ofer\u0103 asisten\u021b\u0103 economic\u0103 \u00eentreprinderilor mici pentru a le consolida competitivitatea. Ambele funda\u021bii lucreaz\u0103 \u00eempreun\u0103 pentru a oferi sprijin at\u00e2t social, c\u00e2t \u0219i economic, contribuind la \u00eembun\u0103t\u0103\u021birea calit\u0103\u021bii vie\u021bii \u0219i la promovarea economiei regionale.<\/p>\n\n\n\n<h4 class=\"wp-block-heading\">Funda\u021bia Saxonia \u2013 pentru acordare de ajutor social<\/h4>\n\n\n\n<p>Funda\u021bia Saxonia \u0219i-a asumat sarcina de a sprijini persoanele aflate \u00een situa\u021bii de via\u021b\u0103 dificile. Acest sprijin poate lua forma unei asisten\u021be financiare, a unor beneficii \u00een natur\u0103 sau a unor servicii de consiliere, cu scopul de a-i stabiliza pe cei afecta\u021bi \u00een situa\u021bia lor de via\u021b\u0103 \u0219i de a le deschide noi perspective. <a href=\"https:\/\/stiftung.saxonia.ro\/ro\/fundatia-saxonia\/\" data-type=\"page\" data-id=\"141\">citi\u021bi mai mult\u2026<\/a><\/p>\n\n\n\n<h4 class=\"wp-block-heading\">Saxonia-Transilvania \u2013 pentru acordare de sprijin economic c\u0103tre \u00eentreprinderi mici \u0219i mijlocii<\/h4>\n\n\n\n<p>Funda\u021bia non-profit Saxonia-Transilvania ofer\u0103 asisten\u021b\u0103 financiar\u0103 pentru mici \u00eentreprinderi individuale, \u00eentreprinderi familiale \u0219i liberi profesioni\u0219ti autoriza\u021bi din toate domeniile economice, in urm\u0103toarele jude\u021be administrative ale Rom\u00e2niei:\u00a0<strong>Alba, Mure\u0219, Harghita, Covasna, Cluj, Sibiu, Bra\u0219ov, Hunedoara<\/strong>\u00a0\u0219i\u00a0<strong>Bistri\u021ba-N\u0103s\u0103ud<\/strong>. <a href=\"https:\/\/stiftung.saxonia.ro\/ro\/saxonia-transilvania\/\" data-type=\"page\" data-id=\"160\">citi\u021bi mai mult\u2026<\/a><\/p>\n\n\n\n<div style=\"height:30px\" aria-hidden=\"true\" class=\"wp-block-spacer\"><\/div>\n\n\n\n<div class=\"wp-block-columns is-layout-flex wp-container-core-columns-is-layout-1 wp-block-columns-is-layout-flex\">\n<div class=\"wp-block-column is-layout-flow wp-block-column-is-layout-flow\" style=\"flex-basis:20%\">\n<figure class=\"wp-block-image size-full is-resized\"><a href=\"https:\/\/casasaxonia.ro\/\" target=\"_blank\" rel=\"noreferrer noopener\"><img loading=\"lazy\" decoding=\"async\" width=\"420\" height=\"300\" src=\"https:\/\/stiftung.saxonia.ro\/wp-content\/uploads\/2024\/08\/CasaSaxonia.png\" alt=\"\" class=\"wp-image-85\" style=\"width:254px;height:auto\" srcset=\"https:\/\/stiftung.saxonia.ro\/wp-content\/uploads\/2024\/08\/CasaSaxonia.png 420w, https:\/\/stiftung.saxonia.ro\/wp-content\/uploads\/2024\/08\/CasaSaxonia-300x214.png 300w\" sizes=\"(max-width: 420px) 100vw, 420px\" \/><\/a><\/figure>\n<\/div>\n\n\n\n<div class=\"wp-block-column is-layout-flow wp-block-column-is-layout-flow\" style=\"flex-basis:66.66%\">\n<p><a href=\"https:\/\/casasaxonia.ro\/\" data-type=\"link\" data-id=\"https:\/\/casasaxonia.ro\/\" target=\"_blank\" rel=\"noreferrer noopener\"><strong>Pentru cazare accesa\u021bi Casa Saxonia <\/strong><\/a><\/p>\n<\/div>\n<\/div>\n\n\n\n<p><\/p>\n","protected":false},"excerpt":{"rendered":"<p>Saxonia &#8211; Sprijin economic \u0219i ajutor social Sub denumirea Saxonia exist\u0103 dou\u0103 funda\u021bii, care sunt legate prin management comun. Funda\u021bia Saxonia se concentreaz\u0103 pe acordarea de asisten\u021b\u0103 social\u0103 persoanelor nevoia\u0219e, \u00een timp ce Saxonia-Transilvania ofer\u0103 asisten\u021b\u0103 economic\u0103 \u00eentreprinderilor mici pentru a le consolida competitivitatea. Ambele funda\u021bii lucreaz\u0103 \u00eempreun\u0103 pentru a oferi sprijin at\u00e2t social, c\u00e2t [&hellip;]<\/p>\n","protected":false},"author":1,"featured_media":0,"parent":0,"menu_order":0,"comment_status":"closed","ping_status":"open","template":"","meta":{"footnotes":""},"class_list":["post-137","page","type-page","status-publish","czr-hentry"],"_links":{"self":[{"href":"https:\/\/stiftung.saxonia.ro\/ro\/wp-json\/wp\/v2\/pages\/137"}],"collection":[{"href":"https:\/\/stiftung.saxonia.ro\/ro\/wp-json\/wp\/v2\/pages"}],"about":[{"href":"https:\/\/stiftung.saxonia.ro\/ro\/wp-json\/wp\/v2\/types\/page"}],"author":[{"embeddable":true,"href":"https:\/\/stiftung.saxonia.ro\/ro\/wp-json\/wp\/v2\/users\/1"}],"replies":[{"embeddable":true,"href":"https:\/\/stiftung.saxonia.ro\/ro\/wp-json\/wp\/v2\/comments?post=137"}],"version-history":[{"count":4,"href":"https:\/\/stiftung.saxonia.ro\/ro\/wp-json\/wp\/v2\/pages\/137\/revisions"}],"predecessor-version":[{"id":188,"href":"https:\/\/stiftung.saxonia.ro\/ro\/wp-json\/wp\/v2\/pages\/137\/revisions\/188"}],"wp:attachment":[{"href":"https:\/\/stiftung.saxonia.ro\/ro\/wp-json\/wp\/v2\/media?parent=137"}],"curies":[{"name":"wp","href":"https:\/\/api.w.org\/{rel}","templated":true}]}}